{"id":14986,"date":"2026-03-28T02:50:15","date_gmt":"2026-03-28T02:50:15","guid":{"rendered":"https:\/\/focuseddomain.shop\/?post_type=product&#038;p=14986"},"modified":"2026-03-28T02:58:38","modified_gmt":"2026-03-28T02:58:38","slug":"arrancador-de-bateria-portatil-wishsky-9000a-inflador-150psi-con-compresor-para-autos-cargador-de-bateria-12v-26800mah-y-compresor-bateria-portatil-para-emergencias-y-cargador-inteligente","status":"publish","type":"product","link":"https:\/\/focuseddomain.shop\/es\/product\/arrancador-de-bateria-portatil-wishsky-9000a-inflador-150psi-con-compresor-para-autos-cargador-de-bateria-12v-26800mah-y-compresor-bateria-portatil-para-emergencias-y-cargador-inteligente\/","title":{"rendered":"Arrancador De Bater\u00eda Port\u00e1til Wishsky 9000a Inflador 150psi Con Compresor Para Autos Cargador De Bater\u00eda 12v 26800mah Y Compresor Bater\u00eda Port\u00e1til Para Emergencias Y Cargador Inteligente"},"content":{"rendered":"<div data-elementor-type=\"product-post\" data-elementor-id=\"14986\" class=\"elementor elementor-14986\" data-elementor-post-type=\"product\">\n\t\t\t\t<div class=\"elementor-element elementor-element-18ec2894 e-flex e-con-boxed e-con e-parent\" data-id=\"18ec2894\" data-element_type=\"container\" data-settings=\"{&quot;ekit_has_onepagescroll_dot&quot;:&quot;yes&quot;}\">\n\t\t\t\t\t<div class=\"e-con-inner\">\n\t\t\t\t<div class=\"elementor-element elementor-element-6a372058 elementor-widget elementor-widget-image\" data-id=\"6a372058\" data-element_type=\"widget\" data-settings=\"{&quot;ekit_we_effect_on&quot;:&quot;none&quot;}\" data-widget_type=\"image.default\">\n\t\t\t\t<div class=\"elementor-widget-container\">\n\t\t\t\t\t\t\t\t\t\t\t\t\t\t\t<img loading=\"lazy\" decoding=\"async\" width=\"1600\" height=\"1067\" src=\"https:\/\/focuseddomain.shop\/wp-content\/uploads\/2026\/03\/1-74.jpg\" class=\"attachment-full size-full wp-image-14994 wvs-archive-product-image\" alt=\"\" srcset=\"https:\/\/focuseddomain.shop\/wp-content\/uploads\/2026\/03\/1-74.jpg 1600w, https:\/\/focuseddomain.shop\/wp-content\/uploads\/2026\/03\/1-74-300x200.jpg 300w, https:\/\/focuseddomain.shop\/wp-content\/uploads\/2026\/03\/1-74-1024x683.jpg 1024w, https:\/\/focuseddomain.shop\/wp-content\/uploads\/2026\/03\/1-74-768x512.jpg 768w, https:\/\/focuseddomain.shop\/wp-content\/uploads\/2026\/03\/1-74-1536x1024.jpg 1536w, https:\/\/focuseddomain.shop\/wp-content\/uploads\/2026\/03\/1-74-18x12.jpg 18w, https:\/\/focuseddomain.shop\/wp-content\/uploads\/2026\/03\/1-74-600x400.jpg 600w, https:\/\/focuseddomain.shop\/wp-content\/uploads\/2026\/03\/1-74-1x1.jpg 1w, https:\/\/focuseddomain.shop\/wp-content\/uploads\/2026\/03\/1-74-10x7.jpg 10w\" sizes=\"auto, (max-width: 1600px) 100vw, 1600px\" \/>\t\t\t\t\t\t\t\t\t\t\t\t\t\t\t<\/div>\n\t\t\t\t<\/div>\n\t\t\t\t<div class=\"elementor-element elementor-element-52287bc5 elementor-widget elementor-widget-image\" data-id=\"52287bc5\" data-element_type=\"widget\" data-settings=\"{&quot;ekit_we_effect_on&quot;:&quot;none&quot;}\" data-widget_type=\"image.default\">\n\t\t\t\t<div class=\"elementor-widget-container\">\n\t\t\t\t\t\t\t\t\t\t\t\t\t\t\t<img loading=\"lazy\" decoding=\"async\" width=\"1600\" height=\"1067\" src=\"https:\/\/focuseddomain.shop\/wp-content\/uploads\/2026\/03\/3-46.jpg\" class=\"attachment-full size-full wp-image-14995 wvs-archive-product-image\" alt=\"\" srcset=\"https:\/\/focuseddomain.shop\/wp-content\/uploads\/2026\/03\/3-46.jpg 1600w, https:\/\/focuseddomain.shop\/wp-content\/uploads\/2026\/03\/3-46-300x200.jpg 300w, https:\/\/focuseddomain.shop\/wp-content\/uploads\/2026\/03\/3-46-1024x683.jpg 1024w, https:\/\/focuseddomain.shop\/wp-content\/uploads\/2026\/03\/3-46-768x512.jpg 768w, https:\/\/focuseddomain.shop\/wp-content\/uploads\/2026\/03\/3-46-1536x1024.jpg 1536w, https:\/\/focuseddomain.shop\/wp-content\/uploads\/2026\/03\/3-46-18x12.jpg 18w, https:\/\/focuseddomain.shop\/wp-content\/uploads\/2026\/03\/3-46-600x400.jpg 600w, https:\/\/focuseddomain.shop\/wp-content\/uploads\/2026\/03\/3-46-1x1.jpg 1w, https:\/\/focuseddomain.shop\/wp-content\/uploads\/2026\/03\/3-46-10x7.jpg 10w\" sizes=\"auto, (max-width: 1600px) 100vw, 1600px\" \/>\t\t\t\t\t\t\t\t\t\t\t\t\t\t\t<\/div>\n\t\t\t\t<\/div>\n\t\t\t\t<div class=\"elementor-element elementor-element-6180ae1d elementor-widget elementor-widget-image\" data-id=\"6180ae1d\" data-element_type=\"widget\" data-settings=\"{&quot;ekit_we_effect_on&quot;:&quot;none&quot;}\" data-widget_type=\"image.default\">\n\t\t\t\t<div class=\"elementor-widget-container\">\n\t\t\t\t\t\t\t\t\t\t\t\t\t\t\t<img loading=\"lazy\" decoding=\"async\" width=\"1600\" height=\"1067\" src=\"https:\/\/focuseddomain.shop\/wp-content\/uploads\/2026\/03\/4-36.jpg\" class=\"attachment-full size-full wp-image-14996 wvs-archive-product-image\" alt=\"\" srcset=\"https:\/\/focuseddomain.shop\/wp-content\/uploads\/2026\/03\/4-36.jpg 1600w, https:\/\/focuseddomain.shop\/wp-content\/uploads\/2026\/03\/4-36-300x200.jpg 300w, https:\/\/focuseddomain.shop\/wp-content\/uploads\/2026\/03\/4-36-1024x683.jpg 1024w, https:\/\/focuseddomain.shop\/wp-content\/uploads\/2026\/03\/4-36-768x512.jpg 768w, https:\/\/focuseddomain.shop\/wp-content\/uploads\/2026\/03\/4-36-1536x1024.jpg 1536w, https:\/\/focuseddomain.shop\/wp-content\/uploads\/2026\/03\/4-36-18x12.jpg 18w, https:\/\/focuseddomain.shop\/wp-content\/uploads\/2026\/03\/4-36-600x400.jpg 600w, https:\/\/focuseddomain.shop\/wp-content\/uploads\/2026\/03\/4-36-1x1.jpg 1w, https:\/\/focuseddomain.shop\/wp-content\/uploads\/2026\/03\/4-36-10x7.jpg 10w\" sizes=\"auto, (max-width: 1600px) 100vw, 1600px\" \/>\t\t\t\t\t\t\t\t\t\t\t\t\t\t\t<\/div>\n\t\t\t\t<\/div>\n\t\t\t\t<div class=\"elementor-element elementor-element-17b39750 elementor-widget elementor-widget-image\" data-id=\"17b39750\" data-element_type=\"widget\" data-settings=\"{&quot;ekit_we_effect_on&quot;:&quot;none&quot;}\" data-widget_type=\"image.default\">\n\t\t\t\t<div class=\"elementor-widget-container\">\n\t\t\t\t\t\t\t\t\t\t\t\t\t\t\t<img loading=\"lazy\" decoding=\"async\" width=\"1600\" height=\"1067\" src=\"https:\/\/focuseddomain.shop\/wp-content\/uploads\/2026\/03\/5-29.jpg\" class=\"attachment-full size-full wp-image-14997 wvs-archive-product-image\" alt=\"\" srcset=\"https:\/\/focuseddomain.shop\/wp-content\/uploads\/2026\/03\/5-29.jpg 1600w, https:\/\/focuseddomain.shop\/wp-content\/uploads\/2026\/03\/5-29-300x200.jpg 300w, https:\/\/focuseddomain.shop\/wp-content\/uploads\/2026\/03\/5-29-1024x683.jpg 1024w, https:\/\/focuseddomain.shop\/wp-content\/uploads\/2026\/03\/5-29-768x512.jpg 768w, https:\/\/focuseddomain.shop\/wp-content\/uploads\/2026\/03\/5-29-1536x1024.jpg 1536w, https:\/\/focuseddomain.shop\/wp-content\/uploads\/2026\/03\/5-29-18x12.jpg 18w, https:\/\/focuseddomain.shop\/wp-content\/uploads\/2026\/03\/5-29-600x400.jpg 600w, https:\/\/focuseddomain.shop\/wp-content\/uploads\/2026\/03\/5-29-1x1.jpg 1w, https:\/\/focuseddomain.shop\/wp-content\/uploads\/2026\/03\/5-29-10x7.jpg 10w\" sizes=\"auto, (max-width: 1600px) 100vw, 1600px\" \/>\t\t\t\t\t\t\t\t\t\t\t\t\t\t\t<\/div>\n\t\t\t\t<\/div>\n\t\t\t\t<div class=\"elementor-element elementor-element-43e89f40 elementor-widget elementor-widget-image\" data-id=\"43e89f40\" data-element_type=\"widget\" data-settings=\"{&quot;ekit_we_effect_on&quot;:&quot;none&quot;}\" data-widget_type=\"image.default\">\n\t\t\t\t<div class=\"elementor-widget-container\">\n\t\t\t\t\t\t\t\t\t\t\t\t\t\t\t<img loading=\"lazy\" decoding=\"async\" width=\"970\" height=\"600\" src=\"https:\/\/focuseddomain.shop\/wp-content\/uploads\/2026\/03\/7-10.jpg\" class=\"attachment-full size-full wp-image-14998 wvs-archive-product-image\" alt=\"\" srcset=\"https:\/\/focuseddomain.shop\/wp-content\/uploads\/2026\/03\/7-10.jpg 970w, https:\/\/focuseddomain.shop\/wp-content\/uploads\/2026\/03\/7-10-300x186.jpg 300w, https:\/\/focuseddomain.shop\/wp-content\/uploads\/2026\/03\/7-10-768x475.jpg 768w, https:\/\/focuseddomain.shop\/wp-content\/uploads\/2026\/03\/7-10-18x12.jpg 18w, https:\/\/focuseddomain.shop\/wp-content\/uploads\/2026\/03\/7-10-600x371.jpg 600w, https:\/\/focuseddomain.shop\/wp-content\/uploads\/2026\/03\/7-10-1x1.jpg 1w, https:\/\/focuseddomain.shop\/wp-content\/uploads\/2026\/03\/7-10-10x6.jpg 10w\" sizes=\"auto, (max-width: 970px) 100vw, 970px\" \/>\t\t\t\t\t\t\t\t\t\t\t\t\t\t\t<\/div>\n\t\t\t\t<\/div>\n\t\t<div class=\"elementor-element elementor-element-760de394 e-grid e-con-full e-con e-child\" data-id=\"760de394\" data-element_type=\"container\" data-settings=\"{&quot;ekit_has_onepagescroll_dot&quot;:&quot;yes&quot;}\">\n\t\t\t\t<div class=\"elementor-element elementor-element-647bde93 elementor-widget elementor-widget-image\" data-id=\"647bde93\" data-element_type=\"widget\" data-settings=\"{&quot;ekit_we_effect_on&quot;:&quot;none&quot;}\" data-widget_type=\"image.default\">\n\t\t\t\t<div class=\"elementor-widget-container\">\n\t\t\t\t\t\t\t\t\t\t\t\t\t\t\t<img loading=\"lazy\" decoding=\"async\" width=\"750\" height=\"751\" src=\"https:\/\/focuseddomain.shop\/wp-content\/uploads\/2026\/03\/2-49.jpg\" class=\"attachment-full size-full wp-image-14999 wvs-archive-product-image\" alt=\"\" srcset=\"https:\/\/focuseddomain.shop\/wp-content\/uploads\/2026\/03\/2-49.jpg 750w, https:\/\/focuseddomain.shop\/wp-content\/uploads\/2026\/03\/2-49-300x300.jpg 300w, https:\/\/focuseddomain.shop\/wp-content\/uploads\/2026\/03\/2-49-150x150.jpg 150w, https:\/\/focuseddomain.shop\/wp-content\/uploads\/2026\/03\/2-49-12x12.jpg 12w, https:\/\/focuseddomain.shop\/wp-content\/uploads\/2026\/03\/2-49-600x601.jpg 600w, https:\/\/focuseddomain.shop\/wp-content\/uploads\/2026\/03\/2-49-100x100.jpg 100w, https:\/\/focuseddomain.shop\/wp-content\/uploads\/2026\/03\/2-49-50x50.jpg 50w, https:\/\/focuseddomain.shop\/wp-content\/uploads\/2026\/03\/2-49-1x1.jpg 1w, https:\/\/focuseddomain.shop\/wp-content\/uploads\/2026\/03\/2-49-10x10.jpg 10w\" sizes=\"auto, (max-width: 750px) 100vw, 750px\" \/>\t\t\t\t\t\t\t\t\t\t\t\t\t\t\t<\/div>\n\t\t\t\t<\/div>\n\t\t\t\t<div class=\"elementor-element elementor-element-78826f9b elementor-widget elementor-widget-image\" data-id=\"78826f9b\" data-element_type=\"widget\" data-settings=\"{&quot;ekit_we_effect_on&quot;:&quot;none&quot;}\" data-widget_type=\"image.default\">\n\t\t\t\t<div class=\"elementor-widget-container\">\n\t\t\t\t\t\t\t\t\t\t\t\t\t\t\t<img loading=\"lazy\" decoding=\"async\" width=\"750\" height=\"604\" src=\"https:\/\/focuseddomain.shop\/wp-content\/uploads\/2026\/03\/6-24.jpg\" class=\"attachment-full size-full wp-image-15000 wvs-archive-product-image\" alt=\"\" srcset=\"https:\/\/focuseddomain.shop\/wp-content\/uploads\/2026\/03\/6-24.jpg 750w, https:\/\/focuseddomain.shop\/wp-content\/uploads\/2026\/03\/6-24-300x242.jpg 300w, https:\/\/focuseddomain.shop\/wp-content\/uploads\/2026\/03\/6-24-15x12.jpg 15w, https:\/\/focuseddomain.shop\/wp-content\/uploads\/2026\/03\/6-24-600x483.jpg 600w, https:\/\/focuseddomain.shop\/wp-content\/uploads\/2026\/03\/6-24-1x1.jpg 1w, https:\/\/focuseddomain.shop\/wp-content\/uploads\/2026\/03\/6-24-10x8.jpg 10w\" sizes=\"auto, (max-width: 750px) 100vw, 750px\" \/>\t\t\t\t\t\t\t\t\t\t\t\t\t\t\t<\/div>\n\t\t\t\t<\/div>\n\t\t\t\t<\/div>\n\t\t\t\t<div class=\"elementor-element elementor-element-7064f208 elementor-widget elementor-widget-text-editor\" data-id=\"7064f208\" data-element_type=\"widget\" data-settings=\"{&quot;ekit_we_effect_on&quot;:&quot;none&quot;}\" data-widget_type=\"text-editor.default\">\n\t\t\t\t<div class=\"elementor-widget-container\">\n\t\t\t\t\t\t\t\t\t<table class=\"specs-table\">\n    <tr>\n        <td>Especificaciones<\/td>\n        <td><\/td>\n    <\/tr>\n    <tr>\n        <td>Sustancias qu\u00edmicas muy preocupantes<\/td>\n        <td><span class=\"none-badge\">Ninguno<\/span><\/td>\n    <\/tr>\n    <tr>\n        <td>Material<\/td>\n        <td><span class=\"material-badge\">Pl\u00e1stico<\/span><\/td>\n    <\/tr>\n    <tr>\n        <td>N\u00famero de modelo<\/td>\n        <td><span class=\"model-badge\">Q20<\/span><\/td>\n    <\/tr>\n    <tr>\n        <td>Tipo<\/td>\n        <td><span class=\"type-badge\">Piezas de herramientas manuales<\/span><\/td>\n    <\/tr>\n<\/table>\n\n<style>\n    .specs-table {\n        width: 100%;\n        border-collapse: collapse;\n        font-family: 'Segoe UI', Arial, sans-serif;\n        font-size: 14px;\n    }\n    .specs-table tr {\n        border-bottom: 1px solid #e0e0e0;\n    }\n    .specs-table td {\n        padding: 12px 0;\n        text-align: left;\n        vertical-align: top;\n    }\n    .specs-table td:first-child {\n        font-weight: 600;\n        width: 40%;\n        color: #2c3e50;\n    }\n    .specs-table td:last-child {\n        width: 60%;\n    }\n    .none-badge {\n        background-color: #f5f5f5;\n        color: #757575;\n        padding: 8px 16px;\n        border-radius: 4px;\n        font-style: italic;\n        display: inline-block;\n        border: 1px solid #e0e0e0;\n    }\n    .material-badge {\n        background-color: #f5f5f5;\n        color: #424242;\n        padding: 8px 16px;\n        border-radius: 4px;\n        font-weight: 600;\n        display: inline-block;\n        border: 1px solid #e0e0e0;\n    }\n    .model-badge {\n        background-color: #e3f2fd;\n        color: #1565c0;\n        padding: 8px 16px;\n        border-radius: 4px;\n        font-weight: 700;\n        font-family: 'Consolas', monospace;\n        display: inline-block;\n        border: 1px solid #bbdefb;\n    }\n    .type-badge {\n        background-color: #e8f5e9;\n        color: #2e7d32;\n        padding: 8px 16px;\n        border-radius: 4px;\n        font-weight: 600;\n        display: inline-block;\n        border: 1px solid #c8e6c9;\n    }\n<\/style>\t\t\t\t\t\t\t\t<\/div>\n\t\t\t\t<\/div>\n\t\t\t\t\t<\/div>\n\t\t\t\t<\/div>\n\t\t\t\t<\/div>","protected":false},"excerpt":{"rendered":"<p>Especificaciones Qu\u00edmica de alta preocupaci\u00f3n Ninguno Material Pl\u00e1stico N\u00famero de modelo Q20 Tipo Piezas de herramientas manuales<\/p>","protected":false},"featured_media":14987,"comment_status":"open","ping_status":"closed","template":"","meta":{"_acf_changed":false},"etheme_brands":[],"product_brand":[],"product_cat":[118],"product_tag":[],"class_list":{"0":"post-14986","1":"product","2":"type-product","3":"status-publish","4":"has-post-thumbnail","6":"product_cat-sale-shop","8":"first","9":"instock","10":"sale","11":"shipping-taxable","12":"purchasable","13":"product-type-simple"},"acf":[],"_links":{"self":[{"href":"https:\/\/focuseddomain.shop\/es\/wp-json\/wp\/v2\/product\/14986","targetHints":{"allow":["GET"]}}],"collection":[{"href":"https:\/\/focuseddomain.shop\/es\/wp-json\/wp\/v2\/product"}],"about":[{"href":"https:\/\/focuseddomain.shop\/es\/wp-json\/wp\/v2\/types\/product"}],"replies":[{"embeddable":true,"href":"https:\/\/focuseddomain.shop\/es\/wp-json\/wp\/v2\/comments?post=14986"}],"version-history":[{"count":4,"href":"https:\/\/focuseddomain.shop\/es\/wp-json\/wp\/v2\/product\/14986\/revisions"}],"predecessor-version":[{"id":15008,"href":"https:\/\/focuseddomain.shop\/es\/wp-json\/wp\/v2\/product\/14986\/revisions\/15008"}],"wp:featuredmedia":[{"embeddable":true,"href":"https:\/\/focuseddomain.shop\/es\/wp-json\/wp\/v2\/media\/14987"}],"wp:attachment":[{"href":"https:\/\/focuseddomain.shop\/es\/wp-json\/wp\/v2\/media?parent=14986"}],"wp:term":[{"taxonomy":"brand","embeddable":true,"href":"https:\/\/focuseddomain.shop\/es\/wp-json\/wp\/v2\/etheme_brands?post=14986"},{"taxonomy":"product_brand","embeddable":true,"href":"https:\/\/focuseddomain.shop\/es\/wp-json\/wp\/v2\/product_brand?post=14986"},{"taxonomy":"product_cat","embeddable":true,"href":"https:\/\/focuseddomain.shop\/es\/wp-json\/wp\/v2\/product_cat?post=14986"},{"taxonomy":"product_tag","embeddable":true,"href":"https:\/\/focuseddomain.shop\/es\/wp-json\/wp\/v2\/product_tag?post=14986"}],"curies":[{"name":"wp","href":"https:\/\/api.w.org\/{rel}","templated":true}]}}