{"id":14920,"date":"2026-03-18T06:14:44","date_gmt":"2026-03-18T06:14:44","guid":{"rendered":"https:\/\/focuseddomain.shop\/?post_type=product&#038;p=14920"},"modified":"2026-03-18T06:25:07","modified_gmt":"2026-03-18T06:25:07","slug":"50-moldes-desechables-de-aluminio-para-pasteles-con-tapa-y-cuchara","status":"publish","type":"product","link":"https:\/\/focuseddomain.shop\/es\/product\/50-moldes-desechables-de-aluminio-para-pasteles-con-tapa-y-cuchara\/","title":{"rendered":"50 Moldes Desechables de Aluminio para Pasteles con Tapa y Cuchara"},"content":{"rendered":"<div data-elementor-type=\"product-post\" data-elementor-id=\"14920\" class=\"elementor elementor-14920\" data-elementor-post-type=\"product\">\n\t\t\t\t<div class=\"elementor-element elementor-element-7696b1c2 e-flex e-con-boxed e-con e-parent\" data-id=\"7696b1c2\" data-element_type=\"container\" data-settings=\"{&quot;ekit_has_onepagescroll_dot&quot;:&quot;yes&quot;}\">\n\t\t\t\t\t<div class=\"e-con-inner\">\n\t\t\t\t<div class=\"elementor-element elementor-element-77be9420 elementor--h-position-center elementor--v-position-middle elementor-arrows-position-inside elementor-pagination-position-inside elementor-widget elementor-widget-slides\" data-id=\"77be9420\" data-element_type=\"widget\" data-settings=\"{&quot;navigation&quot;:&quot;both&quot;,&quot;autoplay&quot;:&quot;yes&quot;,&quot;pause_on_hover&quot;:&quot;yes&quot;,&quot;pause_on_interaction&quot;:&quot;yes&quot;,&quot;autoplay_speed&quot;:5000,&quot;infinite&quot;:&quot;yes&quot;,&quot;transition&quot;:&quot;slide&quot;,&quot;transition_speed&quot;:500,&quot;ekit_we_effect_on&quot;:&quot;none&quot;}\" data-widget_type=\"slides.default\">\n\t\t\t\t<div class=\"elementor-widget-container\">\n\t\t\t\t\t\t\t\t\t<div class=\"elementor-swiper\">\r\n\t\t\t\t\t<div class=\"elementor-slides-wrapper elementor-main-swiper swiper\" role=\"region\" aria-roledescription=\"carousel\" aria-label=\"Diapositivas\" dir=\"ltr\" data-animation=\"fadeInUp\">\r\n\t\t\t\t<div class=\"swiper-wrapper elementor-slides\">\r\n\t\t\t\t\t\t\t\t\t\t<div class=\"elementor-repeater-item-1b1a2bd swiper-slide\" role=\"group\" aria-roledescription=\"slide\"><div class=\"swiper-slide-bg\" role=\"img\" aria-label=\"\u5e7b\u706f3-1.jpg\"><\/div><div class=\"swiper-slide-inner\" ><div class=\"swiper-slide-contents\"><\/div><\/div><\/div><div class=\"elementor-repeater-item-25aa827 swiper-slide\" role=\"group\" aria-roledescription=\"slide\"><div class=\"swiper-slide-bg\" role=\"img\" aria-label=\"\u5e7b\u706f4-1.jpg\"><\/div><div class=\"swiper-slide-inner\" ><div class=\"swiper-slide-contents\"><\/div><\/div><\/div><div class=\"elementor-repeater-item-cf23a78 swiper-slide\" role=\"group\" aria-roledescription=\"slide\"><div class=\"swiper-slide-bg\" role=\"img\" aria-label=\"\u5e7b\u706f5-1.jpg\"><\/div><div class=\"swiper-slide-inner\" ><div class=\"swiper-slide-contents\"><\/div><\/div><\/div><div class=\"elementor-repeater-item-b4f270d swiper-slide\" role=\"group\" aria-roledescription=\"slide\"><div class=\"swiper-slide-bg\" role=\"img\" aria-label=\"\u5e7b\u706f6.jpg\"><\/div><div class=\"swiper-slide-inner\" ><div class=\"swiper-slide-contents\"><\/div><\/div><\/div><div class=\"elementor-repeater-item-ef7179e swiper-slide\" role=\"group\" aria-roledescription=\"slide\"><div class=\"swiper-slide-bg\" role=\"img\" aria-label=\"\u5e7b\u706f1-1.jpg\"><\/div><div class=\"swiper-slide-inner\" ><div class=\"swiper-slide-contents\"><\/div><\/div><\/div><div class=\"elementor-repeater-item-9136511 swiper-slide\" role=\"group\" aria-roledescription=\"slide\"><div class=\"swiper-slide-bg\" role=\"img\" aria-label=\"\u5e7b\u706f2-1.jpg\"><\/div><div class=\"swiper-slide-inner\" ><div class=\"swiper-slide-contents\"><\/div><\/div><\/div>\t\t\t\t<\/div>\r\n\t\t\t\t\t\t\t\t\t\t\t\t\t\t\t<div class=\"elementor-swiper-button elementor-swiper-button-prev\" role=\"button\" tabindex=\"0\" aria-label=\"Previous slide\">\r\n\t\t\t\t\t\t\t<svg aria-hidden=\"true\" class=\"e-font-icon-svg e-eicon-chevron-left\" viewbox=\"0 0 1000 1000\" xmlns=\"http:\/\/www.w3.org\/2000\/svg\"><path d=\"M646 125C629 125 613 133 604 142L308 442C296 454 292 471 292 487 292 504 296 521 308 533L604 854C617 867 629 875 646 875 663 875 679 871 692 858 704 846 713 829 713 812 713 796 708 779 692 767L438 487 692 225C700 217 708 204 708 187 708 171 704 154 692 142 675 129 663 125 646 125Z\"><\/path><\/svg>\t\t\t\t\t\t<\/div>\r\n\t\t\t\t\t\t<div class=\"elementor-swiper-button elementor-swiper-button-next\" role=\"button\" tabindex=\"0\" aria-label=\"Next slide\">\r\n\t\t\t\t\t\t\t<svg aria-hidden=\"true\" class=\"e-font-icon-svg e-eicon-chevron-right\" viewbox=\"0 0 1000 1000\" xmlns=\"http:\/\/www.w3.org\/2000\/svg\"><path d=\"M696 533C708 521 713 504 713 487 713 471 708 454 696 446L400 146C388 133 375 125 354 125 338 125 325 129 313 142 300 154 292 171 292 187 292 204 296 221 308 233L563 492 304 771C292 783 288 800 288 817 288 833 296 850 308 863 321 871 338 875 354 875 371 875 388 867 400 854L696 533Z\"><\/path><\/svg>\t\t\t\t\t\t<\/div>\r\n\t\t\t\t\t\t\t\t\t\t\t\t\t\t\t\t<div class=\"swiper-pagination\"><\/div>\r\n\t\t\t\t\t\t\t\t\t\t\t\t<\/div>\r\n\t\t\t\t<\/div>\r\n\t\t\t\t\t\t\t\t<\/div>\n\t\t\t\t<\/div>\n\t\t\t\t<div class=\"elementor-element elementor-element-77d0550d elementor-widget elementor-widget-text-editor\" data-id=\"77d0550d\" data-element_type=\"widget\" data-settings=\"{&quot;ekit_we_effect_on&quot;:&quot;none&quot;}\" data-widget_type=\"text-editor.default\">\n\t\t\t\t<div class=\"elementor-widget-container\">\n\t\t\t\t\t\t\t\t\t<h1 class=\"a-text-center premium-module-4-heading aplus-h1 a-text-bold\" style=\"text-align: center;\">Por qu\u00e9 elegir los moldes\uff1f<\/h1>\t\t\t\t\t\t\t\t<\/div>\n\t\t\t\t<\/div>\n\t\t<div class=\"elementor-element elementor-element-5cee8d97 e-grid e-con-full e-con e-child\" data-id=\"5cee8d97\" data-element_type=\"container\" data-settings=\"{&quot;ekit_has_onepagescroll_dot&quot;:&quot;yes&quot;}\">\n\t\t\t\t<div class=\"elementor-element elementor-element-25365b42 elementor-position-top elementor-widget elementor-widget-image-box\" data-id=\"25365b42\" data-element_type=\"widget\" data-settings=\"{&quot;ekit_we_effect_on&quot;:&quot;none&quot;}\" data-widget_type=\"image-box.default\">\n\t\t\t\t<div class=\"elementor-widget-container\">\n\t\t\t\t\t<div class=\"elementor-image-box-wrapper\"><figure class=\"elementor-image-box-img\"><img loading=\"lazy\" decoding=\"async\" width=\"650\" height=\"350\" src=\"https:\/\/focuseddomain.shop\/wp-content\/uploads\/2026\/03\/\u5c0f\u56fe1-2.jpg\" class=\"attachment-full size-full wp-image-14943 wvs-archive-product-image\" alt=\"\" srcset=\"https:\/\/focuseddomain.shop\/wp-content\/uploads\/2026\/03\/\u5c0f\u56fe1-2.jpg 650w, https:\/\/focuseddomain.shop\/wp-content\/uploads\/2026\/03\/\u5c0f\u56fe1-2-300x162.jpg 300w, https:\/\/focuseddomain.shop\/wp-content\/uploads\/2026\/03\/\u5c0f\u56fe1-2-18x10.jpg 18w, https:\/\/focuseddomain.shop\/wp-content\/uploads\/2026\/03\/\u5c0f\u56fe1-2-600x323.jpg 600w, https:\/\/focuseddomain.shop\/wp-content\/uploads\/2026\/03\/\u5c0f\u56fe1-2-1x1.jpg 1w, https:\/\/focuseddomain.shop\/wp-content\/uploads\/2026\/03\/\u5c0f\u56fe1-2-10x5.jpg 10w\" sizes=\"auto, (max-width: 650px) 100vw, 650px\" \/><\/figure><div class=\"elementor-image-box-content\"><h4 class=\"elementor-image-box-title\">Excelente conductividad t\u00e9rmica<\/h4><p class=\"elementor-image-box-description\">Estos mini moldes para tartas est\u00e1n hechos de papel de aluminio de calidad alimentaria grueso, no es f\u00e1cil de deformar, con excelente conductividad t\u00e9rmica, puede acortar el tiempo de cocci\u00f3n.<\/p><\/div><\/div>\t\t\t\t<\/div>\n\t\t\t\t<\/div>\n\t\t\t\t<div class=\"elementor-element elementor-element-558d18ac elementor-position-top elementor-widget elementor-widget-image-box\" data-id=\"558d18ac\" data-element_type=\"widget\" data-settings=\"{&quot;ekit_we_effect_on&quot;:&quot;none&quot;}\" data-widget_type=\"image-box.default\">\n\t\t\t\t<div class=\"elementor-widget-container\">\n\t\t\t\t\t<div class=\"elementor-image-box-wrapper\"><figure class=\"elementor-image-box-img\"><img loading=\"lazy\" decoding=\"async\" width=\"650\" height=\"350\" src=\"https:\/\/focuseddomain.shop\/wp-content\/uploads\/2026\/03\/\u5c0f\u56fe4-1.jpg\" class=\"attachment-full size-full wp-image-14944 wvs-archive-product-image\" alt=\"\" srcset=\"https:\/\/focuseddomain.shop\/wp-content\/uploads\/2026\/03\/\u5c0f\u56fe4-1.jpg 650w, https:\/\/focuseddomain.shop\/wp-content\/uploads\/2026\/03\/\u5c0f\u56fe4-1-300x162.jpg 300w, https:\/\/focuseddomain.shop\/wp-content\/uploads\/2026\/03\/\u5c0f\u56fe4-1-18x10.jpg 18w, https:\/\/focuseddomain.shop\/wp-content\/uploads\/2026\/03\/\u5c0f\u56fe4-1-600x323.jpg 600w, https:\/\/focuseddomain.shop\/wp-content\/uploads\/2026\/03\/\u5c0f\u56fe4-1-1x1.jpg 1w, https:\/\/focuseddomain.shop\/wp-content\/uploads\/2026\/03\/\u5c0f\u56fe4-1-10x5.jpg 10w\" sizes=\"auto, (max-width: 650px) 100vw, 650px\" \/><\/figure><div class=\"elementor-image-box-content\"><h4 class=\"elementor-image-box-title\">Con cucharas envueltas individualmente<\/h4><p class=\"elementor-image-box-description\">Todo en uno y totalmente equipados, cubiertos desechables para agasajar a los invitados, higi\u00e9nicos y c\u00f3modos.<\/p><\/div><\/div>\t\t\t\t<\/div>\n\t\t\t\t<\/div>\n\t\t\t\t<div class=\"elementor-element elementor-element-50086cae elementor-position-top elementor-widget elementor-widget-image-box\" data-id=\"50086cae\" data-element_type=\"widget\" data-settings=\"{&quot;ekit_we_effect_on&quot;:&quot;none&quot;}\" data-widget_type=\"image-box.default\">\n\t\t\t\t<div class=\"elementor-widget-container\">\n\t\t\t\t\t<div class=\"elementor-image-box-wrapper\"><figure class=\"elementor-image-box-img\"><img loading=\"lazy\" decoding=\"async\" width=\"650\" height=\"350\" src=\"https:\/\/focuseddomain.shop\/wp-content\/uploads\/2026\/03\/\u5c0f\u56fe2-1.jpg\" class=\"attachment-full size-full wp-image-14945 wvs-archive-product-image\" alt=\"\" srcset=\"https:\/\/focuseddomain.shop\/wp-content\/uploads\/2026\/03\/\u5c0f\u56fe2-1.jpg 650w, https:\/\/focuseddomain.shop\/wp-content\/uploads\/2026\/03\/\u5c0f\u56fe2-1-300x162.jpg 300w, https:\/\/focuseddomain.shop\/wp-content\/uploads\/2026\/03\/\u5c0f\u56fe2-1-18x10.jpg 18w, https:\/\/focuseddomain.shop\/wp-content\/uploads\/2026\/03\/\u5c0f\u56fe2-1-600x323.jpg 600w, https:\/\/focuseddomain.shop\/wp-content\/uploads\/2026\/03\/\u5c0f\u56fe2-1-1x1.jpg 1w, https:\/\/focuseddomain.shop\/wp-content\/uploads\/2026\/03\/\u5c0f\u56fe2-1-10x5.jpg 10w\" sizes=\"auto, (max-width: 650px) 100vw, 650px\" \/><\/figure><div class=\"elementor-image-box-content\"><h4 class=\"elementor-image-box-title\">Tazas para hornear de gran capacidad<\/h4><p class=\"elementor-image-box-description\">Magn\u00edficos moldes peque\u00f1os para porciones individuales y recipientes para alimentos, disponibles en varios colores.<\/p><\/div><\/div>\t\t\t\t<\/div>\n\t\t\t\t<\/div>\n\t\t\t\t<div class=\"elementor-element elementor-element-4311f56c elementor-position-top elementor-widget elementor-widget-image-box\" data-id=\"4311f56c\" data-element_type=\"widget\" data-settings=\"{&quot;ekit_we_effect_on&quot;:&quot;none&quot;}\" data-widget_type=\"image-box.default\">\n\t\t\t\t<div class=\"elementor-widget-container\">\n\t\t\t\t\t<div class=\"elementor-image-box-wrapper\"><figure class=\"elementor-image-box-img\"><img loading=\"lazy\" decoding=\"async\" width=\"650\" height=\"350\" src=\"https:\/\/focuseddomain.shop\/wp-content\/uploads\/2026\/03\/\u5c0f\u56fe3-2.jpg\" class=\"attachment-full size-full wp-image-14946 wvs-archive-product-image\" alt=\"\" srcset=\"https:\/\/focuseddomain.shop\/wp-content\/uploads\/2026\/03\/\u5c0f\u56fe3-2.jpg 650w, https:\/\/focuseddomain.shop\/wp-content\/uploads\/2026\/03\/\u5c0f\u56fe3-2-300x162.jpg 300w, https:\/\/focuseddomain.shop\/wp-content\/uploads\/2026\/03\/\u5c0f\u56fe3-2-18x10.jpg 18w, https:\/\/focuseddomain.shop\/wp-content\/uploads\/2026\/03\/\u5c0f\u56fe3-2-600x323.jpg 600w, https:\/\/focuseddomain.shop\/wp-content\/uploads\/2026\/03\/\u5c0f\u56fe3-2-1x1.jpg 1w, https:\/\/focuseddomain.shop\/wp-content\/uploads\/2026\/03\/\u5c0f\u56fe3-2-10x5.jpg 10w\" sizes=\"auto, (max-width: 650px) 100vw, 650px\" \/><\/figure><div class=\"elementor-image-box-content\"><h4 class=\"elementor-image-box-title\">Dise\u00f1o 2 en 1<\/h4><p class=\"elementor-image-box-description\">No s\u00f3lo grandes moldes para hornear, sino tambi\u00e9n exquisita caja de embalaje, disfrutar de hornear sin desmoldar.Con tapas superiores para facilitar el almacenamiento y el transporte.<\/p><\/div><\/div>\t\t\t\t<\/div>\n\t\t\t\t<\/div>\n\t\t\t\t<\/div>\n\t\t\t\t<div class=\"elementor-element elementor-element-33331a10 elementor-widget elementor-widget-image\" data-id=\"33331a10\" data-element_type=\"widget\" data-settings=\"{&quot;ekit_we_effect_on&quot;:&quot;none&quot;}\" data-widget_type=\"image.default\">\n\t\t\t\t<div class=\"elementor-widget-container\">\n\t\t\t\t\t\t\t\t\t\t\t\t\t\t\t<img loading=\"lazy\" decoding=\"async\" width=\"1464\" height=\"600\" src=\"https:\/\/focuseddomain.shop\/wp-content\/uploads\/2026\/03\/1-60.jpg\" class=\"attachment-full size-full wp-image-14947 wvs-archive-product-image\" alt=\"\" srcset=\"https:\/\/focuseddomain.shop\/wp-content\/uploads\/2026\/03\/1-60.jpg 1464w, https:\/\/focuseddomain.shop\/wp-content\/uploads\/2026\/03\/1-60-300x123.jpg 300w, https:\/\/focuseddomain.shop\/wp-content\/uploads\/2026\/03\/1-60-1024x420.jpg 1024w, https:\/\/focuseddomain.shop\/wp-content\/uploads\/2026\/03\/1-60-768x315.jpg 768w, https:\/\/focuseddomain.shop\/wp-content\/uploads\/2026\/03\/1-60-18x7.jpg 18w, https:\/\/focuseddomain.shop\/wp-content\/uploads\/2026\/03\/1-60-600x246.jpg 600w, https:\/\/focuseddomain.shop\/wp-content\/uploads\/2026\/03\/1-60-1x1.jpg 1w, https:\/\/focuseddomain.shop\/wp-content\/uploads\/2026\/03\/1-60-10x4.jpg 10w\" sizes=\"auto, (max-width: 1464px) 100vw, 1464px\" \/>\t\t\t\t\t\t\t\t\t\t\t\t\t\t\t<\/div>\n\t\t\t\t<\/div>\n\t\t\t\t<div class=\"elementor-element elementor-element-302ba9ff elementor-widget elementor-widget-text-editor\" data-id=\"302ba9ff\" data-element_type=\"widget\" data-settings=\"{&quot;ekit_we_effect_on&quot;:&quot;none&quot;}\" data-widget_type=\"text-editor.default\">\n\t\t\t\t<div class=\"elementor-widget-container\">\n\t\t\t\t\t\t\t\t\t<p style=\"text-align: center;\">Ideal mini moldes de pastel para fiesta de cumplea\u00f1os, boda, graduaci\u00f3n, Navidad, A\u00f1o Nuevo, etc celebraci\u00f3n de vacaciones;Excelente tazas de hornear para picnic, camping, panader\u00eda, chef, etc lugares de ocio y de negocios.<\/p>\t\t\t\t\t\t\t\t<\/div>\n\t\t\t\t<\/div>\n\t\t\t\t<div class=\"elementor-element elementor-element-3689327c elementor-widget elementor-widget-image\" data-id=\"3689327c\" data-element_type=\"widget\" data-settings=\"{&quot;ekit_we_effect_on&quot;:&quot;none&quot;}\" data-widget_type=\"image.default\">\n\t\t\t\t<div class=\"elementor-widget-container\">\n\t\t\t\t\t\t\t\t\t\t\t\t\t\t\t<img loading=\"lazy\" decoding=\"async\" width=\"1464\" height=\"600\" src=\"https:\/\/focuseddomain.shop\/wp-content\/uploads\/2026\/03\/2-36.jpg\" class=\"attachment-full size-full wp-image-14948 wvs-archive-product-image\" alt=\"\" srcset=\"https:\/\/focuseddomain.shop\/wp-content\/uploads\/2026\/03\/2-36.jpg 1464w, https:\/\/focuseddomain.shop\/wp-content\/uploads\/2026\/03\/2-36-300x123.jpg 300w, https:\/\/focuseddomain.shop\/wp-content\/uploads\/2026\/03\/2-36-1024x420.jpg 1024w, https:\/\/focuseddomain.shop\/wp-content\/uploads\/2026\/03\/2-36-768x315.jpg 768w, https:\/\/focuseddomain.shop\/wp-content\/uploads\/2026\/03\/2-36-18x7.jpg 18w, https:\/\/focuseddomain.shop\/wp-content\/uploads\/2026\/03\/2-36-600x246.jpg 600w, https:\/\/focuseddomain.shop\/wp-content\/uploads\/2026\/03\/2-36-1x1.jpg 1w, https:\/\/focuseddomain.shop\/wp-content\/uploads\/2026\/03\/2-36-10x4.jpg 10w\" sizes=\"auto, (max-width: 1464px) 100vw, 1464px\" \/>\t\t\t\t\t\t\t\t\t\t\t\t\t\t\t<\/div>\n\t\t\t\t<\/div>\n\t\t\t\t<div class=\"elementor-element elementor-element-63a6e4da elementor-widget elementor-widget-text-editor\" data-id=\"63a6e4da\" data-element_type=\"widget\" data-settings=\"{&quot;ekit_we_effect_on&quot;:&quot;none&quot;}\" data-widget_type=\"text-editor.default\">\n\t\t\t\t<div class=\"elementor-widget-container\">\n\t\t\t\t\t\t\t\t\t<h2 class=\"a-text-center aplus-container-3 aplus-h1 a-text-bold\" style=\"text-align: center;\">Mini moldes para tartas para el hogar y la empresa<\/h2>\t\t\t\t\t\t\t\t<\/div>\n\t\t\t\t<\/div>\n\t\t\t\t<div class=\"elementor-element elementor-element-37472c33 elementor-widget elementor-widget-image\" data-id=\"37472c33\" data-element_type=\"widget\" data-settings=\"{&quot;ekit_we_effect_on&quot;:&quot;none&quot;}\" data-widget_type=\"image.default\">\n\t\t\t\t<div class=\"elementor-widget-container\">\n\t\t\t\t\t\t\t\t\t\t\t\t\t\t\t<img loading=\"lazy\" decoding=\"async\" width=\"1464\" height=\"600\" src=\"https:\/\/focuseddomain.shop\/wp-content\/uploads\/2026\/03\/3-38.jpg\" class=\"attachment-full size-full wp-image-14949 wvs-archive-product-image\" alt=\"\" srcset=\"https:\/\/focuseddomain.shop\/wp-content\/uploads\/2026\/03\/3-38.jpg 1464w, https:\/\/focuseddomain.shop\/wp-content\/uploads\/2026\/03\/3-38-300x123.jpg 300w, https:\/\/focuseddomain.shop\/wp-content\/uploads\/2026\/03\/3-38-1024x420.jpg 1024w, https:\/\/focuseddomain.shop\/wp-content\/uploads\/2026\/03\/3-38-768x315.jpg 768w, https:\/\/focuseddomain.shop\/wp-content\/uploads\/2026\/03\/3-38-18x7.jpg 18w, https:\/\/focuseddomain.shop\/wp-content\/uploads\/2026\/03\/3-38-600x246.jpg 600w, https:\/\/focuseddomain.shop\/wp-content\/uploads\/2026\/03\/3-38-1x1.jpg 1w, https:\/\/focuseddomain.shop\/wp-content\/uploads\/2026\/03\/3-38-10x4.jpg 10w\" sizes=\"auto, (max-width: 1464px) 100vw, 1464px\" \/>\t\t\t\t\t\t\t\t\t\t\t\t\t\t\t<\/div>\n\t\t\t\t<\/div>\n\t\t\t\t\t<\/div>\n\t\t\t\t<\/div>\n\t\t\t\t<\/div>","protected":false},"excerpt":{"rendered":"<p>Why Choose The Baking Pans\uff1f Excellent Thermal Conductivity These mini cake pans are made of thicken food-grade aluminum foil,not easy&#8230;<\/p>","protected":false},"featured_media":14926,"comment_status":"open","ping_status":"closed","template":"","meta":{"_acf_changed":false},"etheme_brands":[],"product_brand":[],"product_cat":[118],"product_tag":[],"class_list":{"0":"post-14920","1":"product","2":"type-product","3":"status-publish","4":"has-post-thumbnail","6":"product_cat-sale-shop","8":"first","9":"instock","10":"sale","11":"shipping-taxable","12":"purchasable","13":"product-type-variable","14":"has-default-attributes","15":"wvs-archive-product-wrapper"},"acf":[],"_links":{"self":[{"href":"https:\/\/focuseddomain.shop\/es\/wp-json\/wp\/v2\/product\/14920","targetHints":{"allow":["GET"]}}],"collection":[{"href":"https:\/\/focuseddomain.shop\/es\/wp-json\/wp\/v2\/product"}],"about":[{"href":"https:\/\/focuseddomain.shop\/es\/wp-json\/wp\/v2\/types\/product"}],"replies":[{"embeddable":true,"href":"https:\/\/focuseddomain.shop\/es\/wp-json\/wp\/v2\/comments?post=14920"}],"version-history":[{"count":4,"href":"https:\/\/focuseddomain.shop\/es\/wp-json\/wp\/v2\/product\/14920\/revisions"}],"predecessor-version":[{"id":14957,"href":"https:\/\/focuseddomain.shop\/es\/wp-json\/wp\/v2\/product\/14920\/revisions\/14957"}],"wp:featuredmedia":[{"embeddable":true,"href":"https:\/\/focuseddomain.shop\/es\/wp-json\/wp\/v2\/media\/14926"}],"wp:attachment":[{"href":"https:\/\/focuseddomain.shop\/es\/wp-json\/wp\/v2\/media?parent=14920"}],"wp:term":[{"taxonomy":"brand","embeddable":true,"href":"https:\/\/focuseddomain.shop\/es\/wp-json\/wp\/v2\/etheme_brands?post=14920"},{"taxonomy":"product_brand","embeddable":true,"href":"https:\/\/focuseddomain.shop\/es\/wp-json\/wp\/v2\/product_brand?post=14920"},{"taxonomy":"product_cat","embeddable":true,"href":"https:\/\/focuseddomain.shop\/es\/wp-json\/wp\/v2\/product_cat?post=14920"},{"taxonomy":"product_tag","embeddable":true,"href":"https:\/\/focuseddomain.shop\/es\/wp-json\/wp\/v2\/product_tag?post=14920"}],"curies":[{"name":"wp","href":"https:\/\/api.w.org\/{rel}","templated":true}]}}